{"id":2,"date":"2023-03-14T13:46:49","date_gmt":"2023-03-14T12:46:49","guid":{"rendered":"https:\/\/www.yvesmouraut-photographe.ovh\/?page_id=2"},"modified":"2026-03-04T15:10:06","modified_gmt":"2026-03-04T14:10:06","slug":"page-d-exemple","status":"publish","type":"page","link":"https:\/\/www.yvesmouraut-photographe.ovh\/?page_id=2","title":{"rendered":"Qui suis-je !"},"content":{"rendered":"\n<p>Amateur de photo, depuis l&rsquo;adolescence&#8230;, j&rsquo;ai toujours aim\u00e9 fixer les souvenirs, les \u00e9v\u00e9nements, les lieux, pour mon plus grand plaisir et celui de mon entourage.<br>Je me suis vraiment passionn\u00e9 depuis les ann\u00e9es 2002, avec une mont\u00e9e progressive de mes exigences \u00e0 la fois sur le mat\u00e9riel, et sur le peaufinage de mes prises de vue. Apr\u00e8s une longue carri\u00e8re industrielle dans l\u2019automobile, j\u2019ai d\u00e9cid\u00e9 de progresser, au travers des multiples possibilit\u00e9s qu\u2019offre le num\u00e9rique photographique. Par exemple, je me suis lan\u00e7\u00e9 dans la photographie a\u00e9rienne par drone, dans les prises macroscopiques de faune et flore et dans l\u2019enbellissement de mes photos, par le biais de logiciels de Post traitement.<\/p>\n\n\n\n<p>\u200b<\/p>\n\n\n\n<p>Mes pr\u00e9f\u00e9rences et mon style:<br>Mes th\u00e8mes favoris de photographe ont \u00e9volu\u00e9s avec les \u00e9volutions de la technologie, ce qui \u00e9tait difficile voir impossible \u00e0 l\u2019\u00e9poque, est devenu accessible gr\u00e2ce au nouveaux mat\u00e9riels. Je pratique la photo animali\u00e8re, les photos \u00ab haute vitesse \u00bb (Foudre, Eclat, Chute d\u2019objets\u2026) et la photo macroscopique. Bien sur, la photo de rue et les paysages restent des terrains de pr\u00e9dilection, permettant de partager, des visions bien diff\u00e9rentes en groupe.<br>Je travaille aujourd&rsquo;hui de pr\u00e9f\u00e9rence en lumi\u00e8re naturelle, m\u00eame pour les portraits, ce qui a de gros avantages en terme de restitution, mais je pratique la mise en \u0153uvre de la lumi\u00e8re artificielle (additionnelle) autant que n\u00e9cessaire ou souhait\u00e9.<\/p>\n","protected":false},"excerpt":{"rendered":"<p>Amateur de photo, depuis l&rsquo;adolescence&#8230;, j&rsquo;ai toujours aim\u00e9 fixer les souvenirs, les \u00e9v\u00e9nements, les lieux, pour mon plus grand plaisir et celui de mon entourage.Je me suis vraiment passionn\u00e9 depuis les ann\u00e9es 2002, avec une mont\u00e9e progressive de mes exigences \u00e0 la fois sur le mat\u00e9riel, et sur le peaufinage de mes prises de vue. [&hellip;]<\/p>\n","protected":false},"author":1,"featured_media":0,"parent":0,"menu_order":0,"comment_status":"closed","ping_status":"open","template":"","meta":{"footnotes":""},"class_list":["post-2","page","type-page","status-publish","hentry"],"_links":{"self":[{"href":"https:\/\/www.yvesmouraut-photographe.ovh\/index.php?rest_route=\/wp\/v2\/pages\/2","targetHints":{"allow":["GET"]}}],"collection":[{"href":"https:\/\/www.yvesmouraut-photographe.ovh\/index.php?rest_route=\/wp\/v2\/pages"}],"about":[{"href":"https:\/\/www.yvesmouraut-photographe.ovh\/index.php?rest_route=\/wp\/v2\/types\/page"}],"author":[{"embeddable":true,"href":"https:\/\/www.yvesmouraut-photographe.ovh\/index.php?rest_route=\/wp\/v2\/users\/1"}],"replies":[{"embeddable":true,"href":"https:\/\/www.yvesmouraut-photographe.ovh\/index.php?rest_route=%2Fwp%2Fv2%2Fcomments&post=2"}],"version-history":[{"count":2,"href":"https:\/\/www.yvesmouraut-photographe.ovh\/index.php?rest_route=\/wp\/v2\/pages\/2\/revisions"}],"predecessor-version":[{"id":25,"href":"https:\/\/www.yvesmouraut-photographe.ovh\/index.php?rest_route=\/wp\/v2\/pages\/2\/revisions\/25"}],"wp:attachment":[{"href":"https:\/\/www.yvesmouraut-photographe.ovh\/index.php?rest_route=%2Fwp%2Fv2%2Fmedia&parent=2"}],"curies":[{"name":"wp","href":"https:\/\/api.w.org\/{rel}","templated":true}]}}